{"id":13959,"date":"2022-01-13T20:39:46","date_gmt":"2022-01-13T17:39:46","guid":{"rendered":"https:\/\/tekmetsan.com\/projeler\/"},"modified":"2024-09-24T12:25:54","modified_gmt":"2024-09-24T09:25:54","slug":"projeler","status":"publish","type":"page","link":"https:\/\/tekmetsan.com\/tr\/projeler\/","title":{"rendered":"Projeler"},"content":{"rendered":"\t\t<div data-elementor-type=\"wp-page\" data-elementor-id=\"13959\" class=\"elementor elementor-13959 elementor-10931\">\n\t\t\t\t\t\t<section class=\"elementor-section elementor-top-section elementor-element elementor-element-cb73e6e elementor-section-boxed elementor-section-height-default elementor-section-height-default\" data-id=\"cb73e6e\" data-element_type=\"section\" data-e-type=\"section\" data-settings=\"{&quot;jet_parallax_layout_list&quot;:[{&quot;jet_parallax_layout_image&quot;:{&quot;url&quot;:&quot;&quot;,&quot;id&quot;:&quot;&quot;,&quot;size&quot;:&quot;&quot;},&quot;_id&quot;:&quot;bd17729&quot;,&quot;jet_parallax_layout_speed&quot;:{&quot;unit&quot;:&quot;%&quot;,&quot;size&quot;:&quot;50&quot;,&quot;sizes&quot;:[]},&quot;jet_parallax_layout_bg_x&quot;:&quot;50&quot;,&quot;jet_parallax_layout_bg_y&quot;:&quot;50&quot;,&quot;jet_parallax_layout_image_tablet&quot;:{&quot;url&quot;:&quot;&quot;,&quot;id&quot;:&quot;&quot;,&quot;size&quot;:&quot;&quot;},&quot;jet_parallax_layout_image_mobile&quot;:{&quot;url&quot;:&quot;&quot;,&quot;id&quot;:&quot;&quot;,&quot;size&quot;:&quot;&quot;},&quot;jet_parallax_layout_type&quot;:&quot;scroll&quot;,&quot;jet_parallax_layout_direction&quot;:&quot;1&quot;,&quot;jet_parallax_layout_fx_direction&quot;:null,&quot;jet_parallax_layout_z_index&quot;:&quot;&quot;,&quot;jet_parallax_layout_bg_x_tablet&quot;:&quot;&quot;,&quot;jet_parallax_layout_bg_x_mobile&quot;:&quot;&quot;,&quot;jet_parallax_layout_bg_y_tablet&quot;:&quot;&quot;,&quot;jet_parallax_layout_bg_y_mobile&quot;:&quot;&quot;,&quot;jet_parallax_layout_bg_size&quot;:&quot;auto&quot;,&quot;jet_parallax_layout_bg_size_tablet&quot;:&quot;&quot;,&quot;jet_parallax_layout_bg_size_mobile&quot;:&quot;&quot;,&quot;jet_parallax_layout_animation_prop&quot;:&quot;transform&quot;,&quot;jet_parallax_layout_on&quot;:[&quot;desktop&quot;,&quot;tablet&quot;]}],&quot;background_background&quot;:&quot;classic&quot;}\">\n\t\t\t\t\t\t\t<div class=\"elementor-background-overlay\"><\/div>\n\t\t\t\t\t\t\t<div class=\"elementor-container elementor-column-gap-no\">\n\t\t\t\t\t<div class=\"elementor-column elementor-col-50 elementor-top-column elementor-element elementor-element-b58296d\" data-id=\"b58296d\" data-element_type=\"column\" data-e-type=\"column\">\n\t\t\t<div class=\"elementor-widget-wrap elementor-element-populated\">\n\t\t\t\t\t\t<div class=\"elementor-element elementor-element-4c52786 elementor-widget elementor-widget-heading\" data-id=\"4c52786\" data-element_type=\"widget\" data-e-type=\"widget\" data-widget_type=\"heading.default\">\n\t\t\t\t<div class=\"elementor-widget-container\">\n\t\t\t\t\t<h1 class=\"elementor-heading-title elementor-size-default\">Projeler<\/h1>\t\t\t\t<\/div>\n\t\t\t\t<\/div>\n\t\t\t\t<div class=\"elementor-element elementor-element-03e199f elementor-widget elementor-widget-text-editor\" data-id=\"03e199f\" data-element_type=\"widget\" data-e-type=\"widget\" data-widget_type=\"text-editor.default\">\n\t\t\t\t<div class=\"elementor-widget-container\">\n\t\t\t\t\t\t\t\t\t<p>G\u00fcvenilir bir ortakla \u00e7al\u0131\u015fman\u0131n getirdi\u011fi i\u00e7 huzuruna paha bi\u00e7emezsiniz.<\/p>\n\t\t\t\t\t\t\t\t<\/div>\n\t\t\t\t<\/div>\n\t\t\t\t\t<\/div>\n\t\t<\/div>\n\t\t\t\t<div class=\"elementor-column elementor-col-50 elementor-top-column elementor-element elementor-element-a9631bc\" data-id=\"a9631bc\" data-element_type=\"column\" data-e-type=\"column\">\n\t\t\t<div class=\"elementor-widget-wrap\">\n\t\t\t\t\t\t\t<\/div>\n\t\t<\/div>\n\t\t\t\t\t<\/div>\n\t\t<\/section>\n\t\t\t\t<section class=\"elementor-section elementor-top-section elementor-element elementor-element-9013b46 elementor-section-boxed elementor-section-height-default elementor-section-height-default\" data-id=\"9013b46\" data-element_type=\"section\" data-e-type=\"section\" data-settings=\"{&quot;jet_parallax_layout_list&quot;:[{&quot;jet_parallax_layout_image&quot;:{&quot;url&quot;:&quot;https:\\\/\\\/tekmetsan.com\\\/wp-content\\\/uploads\\\/2020\\\/08\\\/home-bg-09.png&quot;,&quot;id&quot;:211,&quot;size&quot;:&quot;&quot;,&quot;alt&quot;:&quot;&quot;,&quot;source&quot;:&quot;library&quot;},&quot;_id&quot;:&quot;7ef725d&quot;,&quot;jet_parallax_layout_speed&quot;:{&quot;unit&quot;:&quot;%&quot;,&quot;size&quot;:&quot;50&quot;,&quot;sizes&quot;:[]},&quot;jet_parallax_layout_bg_x&quot;:&quot;50&quot;,&quot;jet_parallax_layout_bg_y&quot;:&quot;50&quot;,&quot;jet_parallax_layout_image_tablet&quot;:{&quot;url&quot;:&quot;&quot;,&quot;id&quot;:&quot;&quot;,&quot;size&quot;:&quot;&quot;},&quot;jet_parallax_layout_image_mobile&quot;:{&quot;url&quot;:&quot;&quot;,&quot;id&quot;:&quot;&quot;,&quot;size&quot;:&quot;&quot;},&quot;jet_parallax_layout_type&quot;:&quot;scroll&quot;,&quot;jet_parallax_layout_direction&quot;:&quot;1&quot;,&quot;jet_parallax_layout_fx_direction&quot;:null,&quot;jet_parallax_layout_z_index&quot;:&quot;&quot;,&quot;jet_parallax_layout_bg_x_tablet&quot;:&quot;&quot;,&quot;jet_parallax_layout_bg_x_mobile&quot;:&quot;&quot;,&quot;jet_parallax_layout_bg_y_tablet&quot;:&quot;&quot;,&quot;jet_parallax_layout_bg_y_mobile&quot;:&quot;&quot;,&quot;jet_parallax_layout_bg_size&quot;:&quot;auto&quot;,&quot;jet_parallax_layout_bg_size_tablet&quot;:&quot;&quot;,&quot;jet_parallax_layout_bg_size_mobile&quot;:&quot;&quot;,&quot;jet_parallax_layout_animation_prop&quot;:&quot;transform&quot;,&quot;jet_parallax_layout_on&quot;:[&quot;desktop&quot;,&quot;tablet&quot;]}],&quot;background_background&quot;:&quot;classic&quot;}\">\n\t\t\t\t\t\t<div class=\"elementor-container elementor-column-gap-no\">\n\t\t\t\t\t<div class=\"elementor-column elementor-col-100 elementor-top-column elementor-element elementor-element-e5d56c1\" data-id=\"e5d56c1\" data-element_type=\"column\" data-e-type=\"column\">\n\t\t\t<div class=\"elementor-widget-wrap elementor-element-populated\">\n\t\t\t\t\t\t<div class=\"elementor-element elementor-element-44d67db elementor-widget elementor-widget-raven-posts\" data-id=\"44d67db\" data-element_type=\"widget\" data-e-type=\"widget\" data-settings=\"{&quot;_skin&quot;:&quot;cover&quot;,&quot;cover_show_pagination&quot;:&quot;yes&quot;,&quot;cover_pagination_type&quot;:&quot;load_more&quot;,&quot;cover_layout&quot;:&quot;grid&quot;,&quot;cover_columns&quot;:&quot;3&quot;,&quot;cover_columns_tablet&quot;:&quot;2&quot;,&quot;cover_columns_mobile&quot;:&quot;1&quot;,&quot;query_offset&quot;:0}\" data-widget_type=\"raven-posts.cover\">\n\t\t\t\t<div class=\"elementor-widget-container\">\n\t\t\t\t\t\t\t<div class=\"raven-posts raven-grid raven-grid-3 raven-grid-mobile-1 raven-grid-tablet-2\" data-post-id=\"13959\" data-archive-query=\"\" data-lang=\"\">\n\t\t\t\t<div class=\"raven-grid-item raven-post-item post-14208 portfolio type-portfolio status-publish has-post-thumbnail hentry portfolio_tag-celik-binalar\">\n\t\t\t<div class=\"raven-post raven-post-inside\">\n\t\t\t\t\t\t<div class=\"raven-post-image-wrap\">\n\t\t\t<div class=\"raven-post-image raven-image-fit\" ><span class=\"raven-post-image-overlay\"><\/span> <img fetchpriority=\"high\" decoding=\"async\" width=\"1024\" height=\"768\" src=\"https:\/\/tekmetsan.com\/wp-content\/uploads\/2024\/09\/KAPAK-1024x768.jpg\" class=\"attachment-large size-large wp-image-13615\" alt=\"\" srcset=\"https:\/\/tekmetsan.com\/wp-content\/uploads\/2024\/09\/KAPAK-1024x768.jpg 1024w, https:\/\/tekmetsan.com\/wp-content\/uploads\/2024\/09\/KAPAK-300x225.jpg 300w, https:\/\/tekmetsan.com\/wp-content\/uploads\/2024\/09\/KAPAK-768x576.jpg 768w, https:\/\/tekmetsan.com\/wp-content\/uploads\/2024\/09\/KAPAK.jpg 1280w\" sizes=\"(max-width: 1024px) 100vw, 1024px\" \/><\/div>\t\t<\/div>\n\t\t\t\t\t\t\t<div class=\"raven-post-content\">\n\t\t\t\t\t\t<h4 class=\"raven-post-title\"><a class=\"raven-post-title-link\" href=\"https:\/\/tekmetsan.com\/tr\/portfolio\/liman-terminal-binasi-gurcistan\/\">Liman Terminal Binas\u0131- G\u00fcrcistan<\/a><\/h4>\t\t<div class=\"raven-post-read-more\">\n\t\t\t<a class=\"raven-post-button\" href=\"https:\/\/tekmetsan.com\/tr\/portfolio\/liman-terminal-binasi-gurcistan\/\"><span class=\"raven-post-button-text\">&gt; Read More<\/span><\/a>\n\t\t<\/div>\n\t\t\t\t\t\t\t<\/div>\n\t\t\t\t\t\t\t\t<\/div>\n\t\t<\/div>\n\t\t\t\t<div class=\"raven-grid-item raven-post-item post-14233 portfolio type-portfolio status-publish has-post-thumbnail hentry portfolio_tag-celik-binalar\">\n\t\t\t<div class=\"raven-post raven-post-inside\">\n\t\t\t\t\t\t<div class=\"raven-post-image-wrap\">\n\t\t\t<div class=\"raven-post-image raven-image-fit\" ><span class=\"raven-post-image-overlay\"><\/span> <img decoding=\"async\" width=\"1024\" height=\"768\" src=\"https:\/\/tekmetsan.com\/wp-content\/uploads\/2022\/01\/8-KAPAK-1024x768.jpg\" class=\"attachment-large size-large wp-image-13624\" alt=\"\" srcset=\"https:\/\/tekmetsan.com\/wp-content\/uploads\/2022\/01\/8-KAPAK-1024x768.jpg 1024w, https:\/\/tekmetsan.com\/wp-content\/uploads\/2022\/01\/8-KAPAK-300x225.jpg 300w, https:\/\/tekmetsan.com\/wp-content\/uploads\/2022\/01\/8-KAPAK-768x576.jpg 768w, https:\/\/tekmetsan.com\/wp-content\/uploads\/2022\/01\/8-KAPAK-1536x1152.jpg 1536w, https:\/\/tekmetsan.com\/wp-content\/uploads\/2022\/01\/8-KAPAK.jpg 1600w\" sizes=\"(max-width: 1024px) 100vw, 1024px\" \/><\/div>\t\t<\/div>\n\t\t\t\t\t\t\t<div class=\"raven-post-content\">\n\t\t\t\t\t\t<h4 class=\"raven-post-title\"><a class=\"raven-post-title-link\" href=\"https:\/\/tekmetsan.com\/tr\/portfolio\/kamerunda-helikopter-hangari\/\">Kamerun&#8217;da Helikopter Hangar\u0131<\/a><\/h4>\t\t<div class=\"raven-post-read-more\">\n\t\t\t<a class=\"raven-post-button\" href=\"https:\/\/tekmetsan.com\/tr\/portfolio\/kamerunda-helikopter-hangari\/\"><span class=\"raven-post-button-text\">&gt; Read More<\/span><\/a>\n\t\t<\/div>\n\t\t\t\t\t\t\t<\/div>\n\t\t\t\t\t\t\t\t<\/div>\n\t\t<\/div>\n\t\t\t\t<div class=\"raven-grid-item raven-post-item post-14239 portfolio type-portfolio status-publish has-post-thumbnail hentry\">\n\t\t\t<div class=\"raven-post raven-post-inside\">\n\t\t\t\t\t\t<div class=\"raven-post-image-wrap\">\n\t\t\t<div class=\"raven-post-image raven-image-fit\" ><span class=\"raven-post-image-overlay\"><\/span> <img decoding=\"async\" width=\"1024\" height=\"683\" src=\"https:\/\/tekmetsan.com\/wp-content\/uploads\/2022\/01\/DJI_0269-Kopie_small-1024x683.jpg\" class=\"attachment-large size-large wp-image-13106\" alt=\"\" srcset=\"https:\/\/tekmetsan.com\/wp-content\/uploads\/2022\/01\/DJI_0269-Kopie_small-1024x683.jpg 1024w, https:\/\/tekmetsan.com\/wp-content\/uploads\/2022\/01\/DJI_0269-Kopie_small-300x200.jpg 300w, https:\/\/tekmetsan.com\/wp-content\/uploads\/2022\/01\/DJI_0269-Kopie_small-768x512.jpg 768w, https:\/\/tekmetsan.com\/wp-content\/uploads\/2022\/01\/DJI_0269-Kopie_small-1536x1024.jpg 1536w, https:\/\/tekmetsan.com\/wp-content\/uploads\/2022\/01\/DJI_0269-Kopie_small.jpg 1920w\" sizes=\"(max-width: 1024px) 100vw, 1024px\" \/><\/div>\t\t<\/div>\n\t\t\t\t\t\t\t<div class=\"raven-post-content\">\n\t\t\t\t\t\t<h4 class=\"raven-post-title\"><a class=\"raven-post-title-link\" href=\"https:\/\/tekmetsan.com\/tr\/portfolio\/toyota-satis-ve-servis-merkezi\/\">Toyota Sat\u0131\u015f ve Servis Merkezi<\/a><\/h4>\t\t<div class=\"raven-post-read-more\">\n\t\t\t<a class=\"raven-post-button\" href=\"https:\/\/tekmetsan.com\/tr\/portfolio\/toyota-satis-ve-servis-merkezi\/\"><span class=\"raven-post-button-text\">&gt; Read More<\/span><\/a>\n\t\t<\/div>\n\t\t\t\t\t\t\t<\/div>\n\t\t\t\t\t\t\t\t<\/div>\n\t\t<\/div>\n\t\t\t\t<div class=\"raven-grid-item raven-post-item post-14202 portfolio type-portfolio status-publish has-post-thumbnail hentry portfolio_tag-kopruler-ve-ust-gecitler\">\n\t\t\t<div class=\"raven-post raven-post-inside\">\n\t\t\t\t\t\t<div class=\"raven-post-image-wrap\">\n\t\t\t<div class=\"raven-post-image raven-image-fit\" ><span class=\"raven-post-image-overlay\"><\/span> <img loading=\"lazy\" decoding=\"async\" width=\"1024\" height=\"768\" src=\"https:\/\/tekmetsan.com\/wp-content\/uploads\/2024\/09\/1-KAPAK-1024x768.jpeg\" class=\"attachment-large size-large wp-image-13616\" alt=\"\" srcset=\"https:\/\/tekmetsan.com\/wp-content\/uploads\/2024\/09\/1-KAPAK-1024x768.jpeg 1024w, https:\/\/tekmetsan.com\/wp-content\/uploads\/2024\/09\/1-KAPAK-300x225.jpeg 300w, https:\/\/tekmetsan.com\/wp-content\/uploads\/2024\/09\/1-KAPAK-768x576.jpeg 768w, https:\/\/tekmetsan.com\/wp-content\/uploads\/2024\/09\/1-KAPAK-1536x1152.jpeg 1536w, https:\/\/tekmetsan.com\/wp-content\/uploads\/2024\/09\/1-KAPAK.jpeg 1600w\" sizes=\"(max-width: 1024px) 100vw, 1024px\" \/><\/div>\t\t<\/div>\n\t\t\t\t\t\t\t<div class=\"raven-post-content\">\n\t\t\t\t\t\t<h4 class=\"raven-post-title\"><a class=\"raven-post-title-link\" href=\"https:\/\/tekmetsan.com\/tr\/portfolio\/abdipasa-koprusu-bartinturkiye\/\">Abdipa\u015fa K\u00f6pr\u00fcs\u00fc- Bart\u0131n,T\u00fcrkiye<\/a><\/h4>\t\t<div class=\"raven-post-read-more\">\n\t\t\t<a class=\"raven-post-button\" href=\"https:\/\/tekmetsan.com\/tr\/portfolio\/abdipasa-koprusu-bartinturkiye\/\"><span class=\"raven-post-button-text\">&gt; Read More<\/span><\/a>\n\t\t<\/div>\n\t\t\t\t\t\t\t<\/div>\n\t\t\t\t\t\t\t\t<\/div>\n\t\t<\/div>\n\t\t\t\t<div class=\"raven-grid-item raven-post-item post-14246 portfolio type-portfolio status-publish has-post-thumbnail hentry\">\n\t\t\t<div class=\"raven-post raven-post-inside\">\n\t\t\t\t\t\t<div class=\"raven-post-image-wrap\">\n\t\t\t<div class=\"raven-post-image raven-image-fit\" ><span class=\"raven-post-image-overlay\"><\/span> <img loading=\"lazy\" decoding=\"async\" width=\"1024\" height=\"575\" src=\"https:\/\/tekmetsan.com\/wp-content\/uploads\/2022\/01\/000_17-Kopie_small-scaled-1-1024x575.jpg\" class=\"attachment-large size-large wp-image-13101\" alt=\"\" srcset=\"https:\/\/tekmetsan.com\/wp-content\/uploads\/2022\/01\/000_17-Kopie_small-scaled-1-1024x575.jpg 1024w, https:\/\/tekmetsan.com\/wp-content\/uploads\/2022\/01\/000_17-Kopie_small-scaled-1-300x169.jpg 300w, https:\/\/tekmetsan.com\/wp-content\/uploads\/2022\/01\/000_17-Kopie_small-scaled-1-768x431.jpg 768w, https:\/\/tekmetsan.com\/wp-content\/uploads\/2022\/01\/000_17-Kopie_small-scaled-1-1536x863.jpg 1536w, https:\/\/tekmetsan.com\/wp-content\/uploads\/2022\/01\/000_17-Kopie_small-scaled-1-2048x1150.jpg 2048w\" sizes=\"(max-width: 1024px) 100vw, 1024px\" \/><\/div>\t\t<\/div>\n\t\t\t\t\t\t\t<div class=\"raven-post-content\">\n\t\t\t\t\t\t<h4 class=\"raven-post-title\"><a class=\"raven-post-title-link\" href=\"https:\/\/tekmetsan.com\/tr\/portfolio\/tiflis-serbest-bolgesi\/\">Tiflis Serbest B\u00f6lgesi<\/a><\/h4>\t\t<div class=\"raven-post-read-more\">\n\t\t\t<a class=\"raven-post-button\" href=\"https:\/\/tekmetsan.com\/tr\/portfolio\/tiflis-serbest-bolgesi\/\"><span class=\"raven-post-button-text\">&gt; Read More<\/span><\/a>\n\t\t<\/div>\n\t\t\t\t\t\t\t<\/div>\n\t\t\t\t\t\t\t\t<\/div>\n\t\t<\/div>\n\t\t\t\t<div class=\"raven-grid-item raven-post-item post-14226 portfolio type-portfolio status-publish has-post-thumbnail hentry portfolio_tag-celik-binalar\">\n\t\t\t<div class=\"raven-post raven-post-inside\">\n\t\t\t\t\t\t<div class=\"raven-post-image-wrap\">\n\t\t\t<div class=\"raven-post-image raven-image-fit\" ><span class=\"raven-post-image-overlay\"><\/span> <img loading=\"lazy\" decoding=\"async\" width=\"1024\" height=\"576\" src=\"https:\/\/tekmetsan.com\/wp-content\/uploads\/2024\/09\/8-KAPAK-1024x576.jpeg\" class=\"attachment-large size-large wp-image-13645\" alt=\"\" srcset=\"https:\/\/tekmetsan.com\/wp-content\/uploads\/2024\/09\/8-KAPAK-1024x576.jpeg 1024w, https:\/\/tekmetsan.com\/wp-content\/uploads\/2024\/09\/8-KAPAK-300x169.jpeg 300w, https:\/\/tekmetsan.com\/wp-content\/uploads\/2024\/09\/8-KAPAK-768x432.jpeg 768w, https:\/\/tekmetsan.com\/wp-content\/uploads\/2024\/09\/8-KAPAK-1536x864.jpeg 1536w, https:\/\/tekmetsan.com\/wp-content\/uploads\/2024\/09\/8-KAPAK.jpeg 1599w\" sizes=\"(max-width: 1024px) 100vw, 1024px\" \/><\/div>\t\t<\/div>\n\t\t\t\t\t\t\t<div class=\"raven-post-content\">\n\t\t\t\t\t\t<h4 class=\"raven-post-title\"><a class=\"raven-post-title-link\" href=\"https:\/\/tekmetsan.com\/tr\/portfolio\/arsiv-olusturma-afrika\/\">Ar\u015fiv Olu\u015fturma &#8211; Afrika<\/a><\/h4>\t\t<div class=\"raven-post-read-more\">\n\t\t\t<a class=\"raven-post-button\" href=\"https:\/\/tekmetsan.com\/tr\/portfolio\/arsiv-olusturma-afrika\/\"><span class=\"raven-post-button-text\">&gt; Read More<\/span><\/a>\n\t\t<\/div>\n\t\t\t\t\t\t\t<\/div>\n\t\t\t\t\t\t\t\t<\/div>\n\t\t<\/div>\n\t\t\t\t<div class=\"raven-grid-item raven-post-item post-14256 portfolio type-portfolio status-publish has-post-thumbnail hentry\">\n\t\t\t<div class=\"raven-post raven-post-inside\">\n\t\t\t\t\t\t<div class=\"raven-post-image-wrap\">\n\t\t\t<div class=\"raven-post-image raven-image-fit\" ><span class=\"raven-post-image-overlay\"><\/span> <img loading=\"lazy\" decoding=\"async\" width=\"1024\" height=\"767\" src=\"https:\/\/tekmetsan.com\/wp-content\/uploads\/2022\/01\/7-1024x767.jpg\" class=\"attachment-large size-large wp-image-13204\" alt=\"\" srcset=\"https:\/\/tekmetsan.com\/wp-content\/uploads\/2022\/01\/7-1024x767.jpg 1024w, https:\/\/tekmetsan.com\/wp-content\/uploads\/2022\/01\/7-300x225.jpg 300w, https:\/\/tekmetsan.com\/wp-content\/uploads\/2022\/01\/7-768x575.jpg 768w, https:\/\/tekmetsan.com\/wp-content\/uploads\/2022\/01\/7.jpg 1080w\" sizes=\"(max-width: 1024px) 100vw, 1024px\" \/><\/div>\t\t<\/div>\n\t\t\t\t\t\t\t<div class=\"raven-post-content\">\n\t\t\t\t\t\t<h4 class=\"raven-post-title\"><a class=\"raven-post-title-link\" href=\"https:\/\/tekmetsan.com\/tr\/portfolio\/cameronda-liman-kanopi-kapilari\/\">Cameron&#8217;da Liman Kanopi Kap\u0131lar\u0131<\/a><\/h4>\t\t<div class=\"raven-post-read-more\">\n\t\t\t<a class=\"raven-post-button\" href=\"https:\/\/tekmetsan.com\/tr\/portfolio\/cameronda-liman-kanopi-kapilari\/\"><span class=\"raven-post-button-text\">&gt; Read More<\/span><\/a>\n\t\t<\/div>\n\t\t\t\t\t\t\t<\/div>\n\t\t\t\t\t\t\t\t<\/div>\n\t\t<\/div>\n\t\t\t\t<div class=\"raven-grid-item raven-post-item post-14221 portfolio type-portfolio status-publish has-post-thumbnail hentry portfolio_tag-celik-binalar\">\n\t\t\t<div class=\"raven-post raven-post-inside\">\n\t\t\t\t\t\t<div class=\"raven-post-image-wrap\">\n\t\t\t<div class=\"raven-post-image raven-image-fit\" ><span class=\"raven-post-image-overlay\"><\/span> <img loading=\"lazy\" decoding=\"async\" width=\"1024\" height=\"789\" src=\"https:\/\/tekmetsan.com\/wp-content\/uploads\/2024\/09\/5-KAPAK-1024x789.jpg\" class=\"attachment-large size-large wp-image-13655\" alt=\"\" srcset=\"https:\/\/tekmetsan.com\/wp-content\/uploads\/2024\/09\/5-KAPAK-1024x789.jpg 1024w, https:\/\/tekmetsan.com\/wp-content\/uploads\/2024\/09\/5-KAPAK-300x231.jpg 300w, https:\/\/tekmetsan.com\/wp-content\/uploads\/2024\/09\/5-KAPAK-768x592.jpg 768w, https:\/\/tekmetsan.com\/wp-content\/uploads\/2024\/09\/5-KAPAK.jpg 1411w\" sizes=\"(max-width: 1024px) 100vw, 1024px\" \/><\/div>\t\t<\/div>\n\t\t\t\t\t\t\t<div class=\"raven-post-content\">\n\t\t\t\t\t\t<h4 class=\"raven-post-title\"><a class=\"raven-post-title-link\" href=\"https:\/\/tekmetsan.com\/tr\/portfolio\/gorev-gucu-binasi-afrika\/\">G\u00f6rev G\u00fcc\u00fc Binas\u0131- Afrika<\/a><\/h4>\t\t<div class=\"raven-post-read-more\">\n\t\t\t<a class=\"raven-post-button\" href=\"https:\/\/tekmetsan.com\/tr\/portfolio\/gorev-gucu-binasi-afrika\/\"><span class=\"raven-post-button-text\">&gt; Read More<\/span><\/a>\n\t\t<\/div>\n\t\t\t\t\t\t\t<\/div>\n\t\t\t\t\t\t\t\t<\/div>\n\t\t<\/div>\n\t\t\t\t<div class=\"raven-grid-item raven-post-item post-14250 portfolio type-portfolio status-publish has-post-thumbnail hentry portfolio_tag-kopruler-ve-ust-gecitler\">\n\t\t\t<div class=\"raven-post raven-post-inside\">\n\t\t\t\t\t\t<div class=\"raven-post-image-wrap\">\n\t\t\t<div class=\"raven-post-image raven-image-fit\" ><span class=\"raven-post-image-overlay\"><\/span> <img loading=\"lazy\" decoding=\"async\" width=\"768\" height=\"1024\" src=\"https:\/\/tekmetsan.com\/wp-content\/uploads\/2022\/01\/e6619249-24bd-4587-8db9-d279030a75fe-768x1024.jpg\" class=\"attachment-large size-large wp-image-13211\" alt=\"\" srcset=\"https:\/\/tekmetsan.com\/wp-content\/uploads\/2022\/01\/e6619249-24bd-4587-8db9-d279030a75fe-768x1024.jpg 768w, https:\/\/tekmetsan.com\/wp-content\/uploads\/2022\/01\/e6619249-24bd-4587-8db9-d279030a75fe-225x300.jpg 225w, https:\/\/tekmetsan.com\/wp-content\/uploads\/2022\/01\/e6619249-24bd-4587-8db9-d279030a75fe-1152x1536.jpg 1152w, https:\/\/tekmetsan.com\/wp-content\/uploads\/2022\/01\/e6619249-24bd-4587-8db9-d279030a75fe.jpg 1200w\" sizes=\"(max-width: 768px) 100vw, 768px\" \/><\/div>\t\t<\/div>\n\t\t\t\t\t\t\t<div class=\"raven-post-content\">\n\t\t\t\t\t\t<h4 class=\"raven-post-title\"><a class=\"raven-post-title-link\" href=\"https:\/\/tekmetsan.com\/tr\/portfolio\/trabzonda-ust-gecit-turkiye\/\">Trabzon&#8217;da \u00dcst Ge\u00e7it T\u00fcrkiye<\/a><\/h4>\t\t<div class=\"raven-post-read-more\">\n\t\t\t<a class=\"raven-post-button\" href=\"https:\/\/tekmetsan.com\/tr\/portfolio\/trabzonda-ust-gecit-turkiye\/\"><span class=\"raven-post-button-text\">&gt; Read More<\/span><\/a>\n\t\t<\/div>\n\t\t\t\t\t\t\t<\/div>\n\t\t\t\t\t\t\t\t<\/div>\n\t\t<\/div>\n\t\t\t\t<div class=\"raven-grid-item raven-post-item post-14214 portfolio type-portfolio status-publish has-post-thumbnail hentry portfolio_tag-celik-binalar\">\n\t\t\t<div class=\"raven-post raven-post-inside\">\n\t\t\t\t\t\t<div class=\"raven-post-image-wrap\">\n\t\t\t<div class=\"raven-post-image raven-image-fit\" ><span class=\"raven-post-image-overlay\"><\/span> <img loading=\"lazy\" decoding=\"async\" width=\"1024\" height=\"768\" src=\"https:\/\/tekmetsan.com\/wp-content\/uploads\/2024\/09\/WhatsApp-Image-2024-07-24-at-13.08.271-1024x768.jpeg\" class=\"attachment-large size-large wp-image-13664\" alt=\"\" srcset=\"https:\/\/tekmetsan.com\/wp-content\/uploads\/2024\/09\/WhatsApp-Image-2024-07-24-at-13.08.271-1024x768.jpeg 1024w, https:\/\/tekmetsan.com\/wp-content\/uploads\/2024\/09\/WhatsApp-Image-2024-07-24-at-13.08.271-300x225.jpeg 300w, https:\/\/tekmetsan.com\/wp-content\/uploads\/2024\/09\/WhatsApp-Image-2024-07-24-at-13.08.271-768x576.jpeg 768w, https:\/\/tekmetsan.com\/wp-content\/uploads\/2024\/09\/WhatsApp-Image-2024-07-24-at-13.08.271-1536x1152.jpeg 1536w, https:\/\/tekmetsan.com\/wp-content\/uploads\/2024\/09\/WhatsApp-Image-2024-07-24-at-13.08.271.jpeg 1600w\" sizes=\"(max-width: 1024px) 100vw, 1024px\" \/><\/div>\t\t<\/div>\n\t\t\t\t\t\t\t<div class=\"raven-post-content\">\n\t\t\t\t\t\t<h4 class=\"raven-post-title\"><a class=\"raven-post-title-link\" href=\"https:\/\/tekmetsan.com\/tr\/portfolio\/atesler-fabrika-binasi-arsin-osb-trabzon\/\">Ate\u015fler Fabrika Binas\u0131 -Arsin OSB, Trabzon<\/a><\/h4>\t\t<div class=\"raven-post-read-more\">\n\t\t\t<a class=\"raven-post-button\" href=\"https:\/\/tekmetsan.com\/tr\/portfolio\/atesler-fabrika-binasi-arsin-osb-trabzon\/\"><span class=\"raven-post-button-text\">&gt; Read More<\/span><\/a>\n\t\t<\/div>\n\t\t\t\t\t\t\t<\/div>\n\t\t\t\t\t\t\t\t<\/div>\n\t\t<\/div>\n\t\t\t\t<\/div>\n\t\t\t\t<div class=\"raven-load-more\" data-settings=\"{&quot;maxNumPages&quot;:4}\">\n\t\t\t<a class=\"raven-load-more-button\" href=\"#\"><span class=\"raven-post-button-text\">Load More<\/span><\/a>\n\t\t<\/div>\n\t\t\t\t\t\t<\/div>\n\t\t\t\t<\/div>\n\t\t\t\t\t<\/div>\n\t\t<\/div>\n\t\t\t\t\t<\/div>\n\t\t<\/section>\n\t\t\t\t<\/div>\n\t\t","protected":false},"excerpt":{"rendered":"<p>Projeler G\u00fcvenilir bir ortakla \u00e7al\u0131\u015fman\u0131n getirdi\u011fi i\u00e7 huzuruna paha bi\u00e7emezsiniz. Port Terminal Building- Georgia &gt; Read More Helicopter Hangar in Cameroon &gt; Read More Toyota Sales and Service Center &gt; Read More Abdipasa Bridge- Bart\u0131n,Turkey &gt; Read More Tbilisi Free Zone &gt; Read More Archive Building \u2013 Africa &gt; Read More Port Canopy Gates in [&hellip;]<\/p>\n","protected":false},"author":1,"featured_media":0,"parent":0,"menu_order":0,"comment_status":"closed","ping_status":"closed","template":"full-width.php","meta":{"_acf_changed":false,"_monsterinsights_skip_tracking":false,"_monsterinsights_sitenote_active":false,"_monsterinsights_sitenote_note":"","_monsterinsights_sitenote_category":0,"footnotes":""},"class_list":["post-13959","page","type-page","status-publish","hentry"],"acf":[],"aioseo_notices":[],"_links":{"self":[{"href":"https:\/\/tekmetsan.com\/tr\/wp-json\/wp\/v2\/pages\/13959","targetHints":{"allow":["GET"]}}],"collection":[{"href":"https:\/\/tekmetsan.com\/tr\/wp-json\/wp\/v2\/pages"}],"about":[{"href":"https:\/\/tekmetsan.com\/tr\/wp-json\/wp\/v2\/types\/page"}],"author":[{"embeddable":true,"href":"https:\/\/tekmetsan.com\/tr\/wp-json\/wp\/v2\/users\/1"}],"replies":[{"embeddable":true,"href":"https:\/\/tekmetsan.com\/tr\/wp-json\/wp\/v2\/comments?post=13959"}],"version-history":[{"count":2,"href":"https:\/\/tekmetsan.com\/tr\/wp-json\/wp\/v2\/pages\/13959\/revisions"}],"predecessor-version":[{"id":13962,"href":"https:\/\/tekmetsan.com\/tr\/wp-json\/wp\/v2\/pages\/13959\/revisions\/13962"}],"wp:attachment":[{"href":"https:\/\/tekmetsan.com\/tr\/wp-json\/wp\/v2\/media?parent=13959"}],"curies":[{"name":"wp","href":"https:\/\/api.w.org\/{rel}","templated":true}]}}